{"id":935,"date":"2026-02-19T08:10:33","date_gmt":"2026-02-19T07:10:33","guid":{"rendered":"https:\/\/zku-krizevci.hr\/?page_id=935"},"modified":"2026-02-19T08:10:33","modified_gmt":"2026-02-19T07:10:33","slug":"stednja-arhiva-19-02-2026","status":"publish","type":"page","link":"https:\/\/zku-krizevci.hr\/?page_id=935","title":{"rendered":"\u0160tednja &#8211; Arhiva 19.02.2026"},"content":{"rendered":"<p><div class=\"fusion-fullwidth fullwidth-box fusion-builder-row-1 hundred-percent-fullwidth non-hundred-percent-height-scrolling\" style=\"--awb-border-radius-top-left:0px;--awb-border-radius-top-right:0px;--awb-border-radius-bottom-right:0px;--awb-border-radius-bottom-left:0px;--awb-overflow:visible;--awb-flex-wrap:wrap;\" ><div class=\"fusion-builder-row fusion-row\"><div class=\"fusion-layout-column fusion_builder_column fusion-builder-column-0 fusion_builder_column_1_1 1_1 fusion-one-full fusion-column-first fusion-column-last fusion-column-no-min-height\" style=\"--awb-bg-size:cover;--awb-margin-bottom:0px;\"><div class=\"fusion-column-wrapper fusion-flex-column-wrapper-legacy\"><div class=\"fusion-text fusion-text-1\" style=\"--awb-font-size:17px;--awb-text-font-family:Arial, Helvetica, sans-serif;--awb-text-font-style:normal;--awb-text-font-weight:400;\"><h2><span style=\"color: #800000;\"><strong>\u0160TEDNJA<\/strong><\/span><\/h2>\n<p><span style=\"color: #800000;\"><strong>Deponenti<\/strong><strong>:<\/strong><\/span> <span style=\"color: #300000;\">Svaka punoljetna osoba, \u010dlan Zanatske kreditne unije Kri\u017eevci<\/span><\/p>\n<p><span style=\"color: #800000;\"><strong>Valuta:<\/strong><\/span> <span style=\"color: #300000;\"><strong>EUR<\/strong><\/span><\/p>\n<\/div><div class=\"fusion-clearfix\"><\/div><\/div><\/div><\/div><\/div><div class=\"fusion-fullwidth fullwidth-box fusion-builder-row-2 fusion-flex-container has-pattern-background has-mask-background nonhundred-percent-fullwidth non-hundred-percent-height-scrolling\" style=\"--awb-border-radius-top-left:0px;--awb-border-radius-top-right:0px;--awb-border-radius-bottom-right:0px;--awb-border-radius-bottom-left:0px;--awb-flex-wrap:wrap;\" ><div class=\"fusion-builder-row fusion-row fusion-flex-align-items-flex-start fusion-flex-content-wrap\" style=\"max-width:1560px;margin-left: calc(-4% \/ 2 );margin-right: calc(-4% \/ 2 );\"><div class=\"fusion-layout-column fusion_builder_column fusion-builder-column-1 fusion_builder_column_1_2 1_2 fusion-flex-column\" style=\"--awb-bg-size:cover;--awb-border-color:#800000;--awb-border-top:4px;--awb-border-right:4px;--awb-border-bottom:4px;--awb-border-left:4px;--awb-border-style:solid;--awb-width-large:50%;--awb-margin-top-large:0px;--awb-spacing-right-large:3.84%;--awb-margin-bottom-large:20px;--awb-spacing-left-large:3.84%;--awb-width-medium:100%;--awb-order-medium:0;--awb-spacing-right-medium:1.92%;--awb-spacing-left-medium:1.92%;--awb-width-small:100%;--awb-order-small:0;--awb-spacing-right-small:1.92%;--awb-spacing-left-small:1.92%;\" data-motion-effects=\"[{&quot;type&quot;:&quot;&quot;,&quot;scroll_type&quot;:&quot;transition&quot;,&quot;scroll_direction&quot;:&quot;up&quot;,&quot;transition_speed&quot;:&quot;1&quot;,&quot;fade_type&quot;:&quot;in&quot;,&quot;scale_type&quot;:&quot;up&quot;,&quot;initial_scale&quot;:&quot;1&quot;,&quot;max_scale&quot;:&quot;1.5&quot;,&quot;min_scale&quot;:&quot;0.5&quot;,&quot;initial_rotate&quot;:&quot;0&quot;,&quot;end_rotate&quot;:&quot;30&quot;,&quot;initial_blur&quot;:&quot;0&quot;,&quot;end_blur&quot;:&quot;3&quot;,&quot;start_element&quot;:&quot;top&quot;,&quot;start_viewport&quot;:&quot;bottom&quot;,&quot;end_element&quot;:&quot;bottom&quot;,&quot;end_viewport&quot;:&quot;top&quot;,&quot;mouse_effect&quot;:&quot;track&quot;,&quot;mouse_effect_direction&quot;:&quot;opposite&quot;,&quot;mouse_effect_speed&quot;:&quot;2&quot;,&quot;infinite_animation&quot;:&quot;float&quot;,&quot;infinite_animation_speed&quot;:&quot;2&quot;}]\" data-scroll-devices=\"small-visibility,medium-visibility,large-visibility\"><div class=\"fusion-column-wrapper fusion-column-has-shadow fusion-flex-justify-content-flex-start fusion-content-layout-column\"><div class=\"fusion-text fusion-text-2\" style=\"--awb-font-size:18px;--awb-margin-top:20px;--awb-margin-left:20px;--awb-text-font-family:Arial, Helvetica, sans-serif;--awb-text-font-style:normal;--awb-text-font-weight:400;\"><h1><span style=\"color: #800000;\"><strong>\u0160TEDNJA PO VI\u0110ENJU ( A-VISTA)<\/strong><\/span><\/h1>\n<p><span style=\"color: #000000;\"><strong>&#8211;<\/strong>\u00a0 Svrha ove \u0161tednje je mogu\u0107nost uplata i podizanja svoje \u0161tednje sa \u0161tedne knji\u017eice do iznosa od <strong>3.000,00 EUR<\/strong>\u00a0bez odre\u0111ene namjene i odre\u0111enog roka.<\/span><\/p>\n<p><span style=\"color: #800000;\"><strong>&#8211; Kamata<\/strong>:\u00a0<strong>2 % godi\u0161nja \u2013 fiksna<\/strong>,<\/span>\u00a0<span style=\"color: #000000;\">sa kvartalnim obra\u010dunom i pripisom kamata.<\/span><\/p>\n<\/div><\/div><\/div><div class=\"fusion-layout-column fusion_builder_column fusion-builder-column-2 fusion_builder_column_1_2 1_2 fusion-flex-column\" style=\"--awb-bg-size:cover;--awb-border-color:#800000;--awb-border-top:4px;--awb-border-right:4px;--awb-border-bottom:4px;--awb-border-left:4px;--awb-border-style:solid;--awb-width-large:50%;--awb-margin-top-large:0px;--awb-spacing-right-large:3.84%;--awb-margin-bottom-large:20px;--awb-spacing-left-large:3.84%;--awb-width-medium:100%;--awb-order-medium:0;--awb-spacing-right-medium:1.92%;--awb-spacing-left-medium:1.92%;--awb-width-small:100%;--awb-order-small:0;--awb-spacing-right-small:1.92%;--awb-spacing-left-small:1.92%;\" data-motion-effects=\"[{&quot;type&quot;:&quot;&quot;,&quot;scroll_type&quot;:&quot;transition&quot;,&quot;scroll_direction&quot;:&quot;up&quot;,&quot;transition_speed&quot;:&quot;1&quot;,&quot;fade_type&quot;:&quot;in&quot;,&quot;scale_type&quot;:&quot;up&quot;,&quot;initial_scale&quot;:&quot;1&quot;,&quot;max_scale&quot;:&quot;1.5&quot;,&quot;min_scale&quot;:&quot;0.5&quot;,&quot;initial_rotate&quot;:&quot;0&quot;,&quot;end_rotate&quot;:&quot;30&quot;,&quot;initial_blur&quot;:&quot;0&quot;,&quot;end_blur&quot;:&quot;3&quot;,&quot;start_element&quot;:&quot;top&quot;,&quot;start_viewport&quot;:&quot;bottom&quot;,&quot;end_element&quot;:&quot;bottom&quot;,&quot;end_viewport&quot;:&quot;top&quot;,&quot;mouse_effect&quot;:&quot;track&quot;,&quot;mouse_effect_direction&quot;:&quot;opposite&quot;,&quot;mouse_effect_speed&quot;:&quot;2&quot;,&quot;infinite_animation&quot;:&quot;float&quot;,&quot;infinite_animation_speed&quot;:&quot;2&quot;}]\" data-scroll-devices=\"small-visibility,medium-visibility,large-visibility\"><div class=\"fusion-column-wrapper fusion-column-has-shadow fusion-flex-justify-content-flex-start fusion-content-layout-column\"><div class=\"fusion-text fusion-text-3\" style=\"--awb-font-size:18px;--awb-margin-top:20px;--awb-margin-left:20px;--awb-text-font-family:Arial, Helvetica, sans-serif;--awb-text-font-style:normal;--awb-text-font-weight:400;\"><h1><span style=\"color: #800000;\"><strong>ORO\u010cENA \u0160TEDNJA<\/strong><\/span><\/h1>\n<h3><span style=\"color: #000000;\"><strong>&#8211;<\/strong> Polog depozita vr\u0161i se jednokratno, a kamata se ispla\u0107uje mjese\u010dno, po dospije\u0107u.<br \/>\n<\/span><span style=\"color: #800000;\"><strong>&#8211;\u00a0 Kamata: od\u00a0 3,5 % do 4,5 % godi\u0161nja-fiksna<\/strong><strong>, <\/strong><\/span><span style=\"color: #000000;\"><strong>ovisno o ro\u010dnosti i visini oro\u010denog depozita.<br \/>\n<\/strong><\/span><span style=\"color: #800000;\"><strong>&#8211;\u00a0 Kamate su fiksne. Nepromjenjive.<\/strong><\/span><\/h3>\n<\/div><\/div><\/div><\/div><\/div><div class=\"fusion-fullwidth fullwidth-box fusion-builder-row-3 fusion-flex-container has-pattern-background has-mask-background nonhundred-percent-fullwidth non-hundred-percent-height-scrolling\" style=\"--awb-border-radius-top-left:0px;--awb-border-radius-top-right:0px;--awb-border-radius-bottom-right:0px;--awb-border-radius-bottom-left:0px;--awb-flex-wrap:wrap;\" ><div class=\"fusion-builder-row fusion-row fusion-flex-align-items-flex-start fusion-flex-content-wrap\" style=\"max-width:1560px;margin-left: calc(-4% \/ 2 );margin-right: calc(-4% \/ 2 );\"><div class=\"fusion-layout-column fusion_builder_column fusion-builder-column-3 fusion_builder_column_1_1 1_1 fusion-flex-column\" style=\"--awb-bg-size:cover;--awb-width-large:100%;--awb-margin-top-large:0px;--awb-spacing-right-large:1.92%;--awb-margin-bottom-large:20px;--awb-spacing-left-large:1.92%;--awb-width-medium:100%;--awb-order-medium:0;--awb-spacing-right-medium:1.92%;--awb-spacing-left-medium:1.92%;--awb-width-small:100%;--awb-order-small:0;--awb-spacing-right-small:1.92%;--awb-spacing-left-small:1.92%;\"><div class=\"fusion-column-wrapper fusion-column-has-shadow fusion-flex-justify-content-flex-start fusion-content-layout-column\"><div class=\"fusion-text fusion-text-4\" style=\"--awb-font-size:17px;--awb-text-font-family:Arial, Helvetica, sans-serif;--awb-text-font-style:normal;--awb-text-font-weight:400;\"><p style=\"text-align: center;\"><span style=\"color: #300000;\"><img decoding=\"async\" class=\"\" src=\"http:\/\/zku-krizevci.hr\/wp-content\/uploads\/2023\/10\/Steve-Zondicons-Arrow-Thin-Right.512-1.png\" width=\"19\" height=\"19\" \/> <\/span><span style=\"color: #300000;\">\u0160tedni ulozi<\/span> <span style=\"color: #800000;\"><strong>nisu osigurani kod nadle\u017ene dr\u017eavne agencije\u00a0za osiguranje \u0161tednih uloga.<\/strong><\/span><\/p>\n<p style=\"text-align: center;\"><span style=\"color: #300000;\"><img decoding=\"async\" class=\"\" src=\"http:\/\/zku-krizevci.hr\/wp-content\/uploads\/2023\/10\/Steve-Zondicons-Arrow-Thin-Right.512-1.png\" width=\"18\" height=\"18\" \/> <\/span><span style=\"font-family: Arial, sans-serif; color: #000000;\">Prema Zakonu o izmjenama i dopunama Zakona o porezu na dohodak (NN 114\/23) od <span style=\"color: #800000;\"><strong>1.1.2024<\/strong>.<\/span> pove\u0107ana je stopa poreza na ispla\u0107enu kamatu po \u0161tednji s dosada\u0161njih <span style=\"color: #800000;\"><strong>10%<\/strong><\/span> na <span style=\"color: #800000;\"><strong>12%<\/strong><\/span> i ukida se obveza obra\u010dunavanja prireza na ispla\u0107enu kamatu.<\/span><\/p>\n<p style=\"text-align: center;\"><span style=\"color: #000000;\"><b><span style=\"font-family: Arial, sans-serif;\"><span style=\"color: #800000;\">Od 1.1.2024.<\/span>\u00a0<\/span><\/b><span style=\"font-family: Arial, sans-serif;\">Zanatska kreditna unija Kri\u017eevci obvezna je obra\u010dunavati porez na ispla\u0107enu kamatu <b><span style=\"color: #800000;\">u visini od 12%<\/span><\/b><span style=\"color: #800000;\">.<\/span><\/span><\/span><\/p>\n<\/div><\/div><\/div><div class=\"fusion-layout-column fusion_builder_column fusion-builder-column-4 fusion_builder_column_1_1 1_1 fusion-flex-column\" style=\"--awb-bg-size:cover;--awb-width-large:100%;--awb-margin-top-large:0px;--awb-spacing-right-large:1.92%;--awb-margin-bottom-large:20px;--awb-spacing-left-large:1.92%;--awb-width-medium:100%;--awb-spacing-right-medium:1.92%;--awb-spacing-left-medium:1.92%;--awb-width-small:100%;--awb-spacing-right-small:1.92%;--awb-spacing-left-small:1.92%;\"><div class=\"fusion-column-wrapper fusion-flex-justify-content-flex-start fusion-content-layout-column\"><div class=\"fusion-text fusion-text-5\"><h3 style=\"text-align: right;\">\u00a0 \u00a0<span style=\"color: #800000;\"><strong><a style=\"color: #800000;\" href=\"http:\/\/zku-krizevci.hr\/?page_id=580\">ARHIVA\u00a0STARIJIH VERZIJA<\/a><\/strong><\/span><\/h3>\n<\/div><div class=\"fusion-image-element \" style=\"text-align:center;--awb-caption-title-font-family:var(--h2_typography-font-family);--awb-caption-title-font-weight:var(--h2_typography-font-weight);--awb-caption-title-font-style:var(--h2_typography-font-style);--awb-caption-title-size:var(--h2_typography-font-size);--awb-caption-title-transform:var(--h2_typography-text-transform);--awb-caption-title-line-height:var(--h2_typography-line-height);--awb-caption-title-letter-spacing:var(--h2_typography-letter-spacing);\"><span class=\" fusion-imageframe imageframe-none imageframe-1 hover-type-none\"><img decoding=\"async\" width=\"1056\" height=\"714\" src=\"http:\/\/zku-krizevci.hr\/wp-content\/uploads\/2025\/11\/OBJAVA-21.11.2025.png\" alt class=\"img-responsive wp-image-924\" srcset=\"https:\/\/zku-krizevci.hr\/wp-content\/uploads\/2025\/11\/OBJAVA-21.11.2025-200x135.png 200w, https:\/\/zku-krizevci.hr\/wp-content\/uploads\/2025\/11\/OBJAVA-21.11.2025-400x270.png 400w, https:\/\/zku-krizevci.hr\/wp-content\/uploads\/2025\/11\/OBJAVA-21.11.2025-600x406.png 600w, https:\/\/zku-krizevci.hr\/wp-content\/uploads\/2025\/11\/OBJAVA-21.11.2025-800x541.png 800w, https:\/\/zku-krizevci.hr\/wp-content\/uploads\/2025\/11\/OBJAVA-21.11.2025.png 1056w\" sizes=\"(max-width: 1024px) 100vw, (max-width: 640px) 100vw, 1056px\" \/><\/span><\/div><\/div><\/div><\/div><\/div><\/p>\n","protected":false},"excerpt":{"rendered":"","protected":false},"author":1,"featured_media":0,"parent":0,"menu_order":0,"comment_status":"closed","ping_status":"closed","template":"","meta":{"footnotes":""},"class_list":["post-935","page","type-page","status-publish","hentry"],"_links":{"self":[{"href":"https:\/\/zku-krizevci.hr\/index.php?rest_route=\/wp\/v2\/pages\/935","targetHints":{"allow":["GET"]}}],"collection":[{"href":"https:\/\/zku-krizevci.hr\/index.php?rest_route=\/wp\/v2\/pages"}],"about":[{"href":"https:\/\/zku-krizevci.hr\/index.php?rest_route=\/wp\/v2\/types\/page"}],"author":[{"embeddable":true,"href":"https:\/\/zku-krizevci.hr\/index.php?rest_route=\/wp\/v2\/users\/1"}],"replies":[{"embeddable":true,"href":"https:\/\/zku-krizevci.hr\/index.php?rest_route=%2Fwp%2Fv2%2Fcomments&post=935"}],"version-history":[{"count":1,"href":"https:\/\/zku-krizevci.hr\/index.php?rest_route=\/wp\/v2\/pages\/935\/revisions"}],"predecessor-version":[{"id":936,"href":"https:\/\/zku-krizevci.hr\/index.php?rest_route=\/wp\/v2\/pages\/935\/revisions\/936"}],"wp:attachment":[{"href":"https:\/\/zku-krizevci.hr\/index.php?rest_route=%2Fwp%2Fv2%2Fmedia&parent=935"}],"curies":[{"name":"wp","href":"https:\/\/api.w.org\/{rel}","templated":true}]}}