{"id":746,"date":"2023-10-16T12:36:13","date_gmt":"2023-10-16T11:36:13","guid":{"rendered":"https:\/\/zku-krizevci.hr\/?page_id=746"},"modified":"2023-10-23T06:47:35","modified_gmt":"2023-10-23T05:47:35","slug":"stednja-arhiva-16-10-2023","status":"publish","type":"page","link":"https:\/\/zku-krizevci.hr\/?page_id=746","title":{"rendered":"\u0160TEDNJA &#8211; arhiva 16.10.2023."},"content":{"rendered":"<div class=\"fusion-fullwidth fullwidth-box fusion-builder-row-1 hundred-percent-fullwidth non-hundred-percent-height-scrolling\" style=\"--awb-border-radius-top-left:0px;--awb-border-radius-top-right:0px;--awb-border-radius-bottom-right:0px;--awb-border-radius-bottom-left:0px;--awb-overflow:visible;--awb-flex-wrap:wrap;\" ><div class=\"fusion-builder-row fusion-row\"><div class=\"fusion-layout-column fusion_builder_column fusion-builder-column-0 fusion_builder_column_1_1 1_1 fusion-one-full fusion-column-first fusion-column-last\" style=\"--awb-bg-size:cover;\"><div class=\"fusion-column-wrapper fusion-flex-column-wrapper-legacy\"><div class=\"fusion-image-element in-legacy-container\" style=\"--awb-caption-title-font-family:var(--h2_typography-font-family);--awb-caption-title-font-weight:var(--h2_typography-font-weight);--awb-caption-title-font-style:var(--h2_typography-font-style);--awb-caption-title-size:var(--h2_typography-font-size);--awb-caption-title-transform:var(--h2_typography-text-transform);--awb-caption-title-line-height:var(--h2_typography-line-height);--awb-caption-title-letter-spacing:var(--h2_typography-letter-spacing);\"><span class=\" fusion-imageframe imageframe-none imageframe-1 hover-type-none\"><img decoding=\"async\" src=\"http:\/\/zku-krizevci.hr\/wp-content\/uploads\/2017\/03\/ZAJMOVI.jpg\" alt class=\"img-responsive\"\/><\/span><\/div><div class=\"fusion-clearfix\"><\/div><\/div><\/div><div class=\"fusion-layout-column fusion_builder_column fusion-builder-column-1 fusion_builder_column_1_1 1_1 fusion-one-full fusion-column-first fusion-column-last fusion-column-no-min-height\" style=\"--awb-bg-size:cover;--awb-margin-bottom:0px;\"><div class=\"fusion-column-wrapper fusion-flex-column-wrapper-legacy\"><div class=\"fusion-text fusion-text-1\"><p><span style=\"color: #800000;\"><strong>\u0160TEDNJA<\/strong><\/span><\/p>\n<p><span style=\"color: #800000;\"><strong>Deponenti<\/strong><strong>:<\/strong><\/span> <span style=\"color: #300000;\">Svaka punoljetna osoba, \u010dlan Zanatske kreditne unije Kri\u017eevci<\/span><\/p>\n<p><span style=\"color: #800000;\"><strong>Valuta:<\/strong><\/span> <span style=\"color: #300000;\"><strong>EUR<\/strong><\/span><\/p>\n<p><span style=\"color: #800000;\"><strong>\u0160TEDNJA PO VI\u0110ENJU ( A-VISTA)<\/strong><\/span><\/p>\n<p><span style=\"color: #300000;\">Svrha ove \u0161tednje je mogu\u0107nost uplata i podizanja svoje \u0161tednje sa \u0161tedne knji\u017eice do iznosa od 3.000,00 EUR (22.603,50 HRK po te\u010daju konverzije = 7,53450), bez odre\u0111ene namjene i odre\u0111enog roka.<\/span><\/p>\n<p><span style=\"color: #800000;\"><strong>Kamata<\/strong>:\u00a0<strong>2 % godi\u0161nja \u2013 fiksna<\/strong>,<\/span>\u00a0<span style=\"color: #300000;\">sa kvartalnim obra\u010dunom i pripisom kamata.<\/span><\/p>\n<p>&nbsp;<\/p>\n<p><span style=\"color: #800000;\"><strong>ORO\u010cENA \u0160TEDNJA <\/strong><\/span><\/p>\n<p><span style=\"color: #300000;\">Polog depozita vr\u0161i se jednokratno, a kamata se ispla\u0107uje mjese\u010dno, po dospije\u0107u.<\/span><\/p>\n<p><span style=\"color: #800000;\"><strong>Kamata:\u00a0od\u00a0 2,5 % do\u00a03,5\u00a0%\u00a0godi\u0161nja-fiksna<\/strong><strong>, <\/strong><\/span><span style=\"color: #300000;\"><strong>ovisno o ro\u010dnosti i visini oro\u010denog depozita.<\/strong><\/span><\/p>\n<p><span style=\"color: #800000;\"><strong>Kamate su fiksne. Nepromjenjive.<\/strong><\/span><\/p>\n<p>&nbsp;<\/p>\n<p><span style=\"color: #300000;\">\u0160tedni ulozi<\/span> <span style=\"color: #800000;\"><strong>nisu osigurani kod nadle\u017ene dr\u017eavne agencije\u00a0za osiguranje \u0161tednih uloga.<\/strong><\/span><\/p>\n<p><span style=\"color: #300000;\">Sukladno zakonskoj odredbi od 01.01.2015.godine, prihodi od kamata po \u0161tednim depozitima podlije\u017eu<\/span>\u00a0<span style=\"color: #800000;\"><strong>pla\u0107anju poreza<\/strong><\/span>\u00a0<span style=\"color: #300000;\">na dohodak od kapitala i\u00a0<\/span><span style=\"color: #800000;\"><strong>prireza<\/strong><\/span>\u00a0<span style=\"color: #300000;\">porezu na dohodak.<\/span><\/p>\n<p><span style=\"color: #333333;\"><span style=\"color: #300000;\">Sukladno zakonskoj odredbi od 01.01.2015.godine, prihodi od kamata po \u0161tednim depozitima podlije\u017eu<\/span> <span style=\"color: #800000;\"><strong>pla\u0107anju poreza<\/strong><\/span> <span style=\"color: #300000;\">na dohodak od kapitala i<\/span> <span style=\"color: #800000;\"><strong>prireza<\/strong><\/span> <span style=\"color: #300000;\">porezu na dohodak.<\/span><\/span><\/p>\n<\/div><div class=\"fusion-clearfix\"><\/div><\/div><\/div><div class=\"fusion-layout-column fusion_builder_column fusion-builder-column-2 fusion_builder_column_1_1 1_1 fusion-one-full fusion-column-first fusion-column-last\" style=\"--awb-bg-size:cover;\"><div class=\"fusion-column-wrapper fusion-flex-column-wrapper-legacy\"><div class=\"fusion-text fusion-text-2\"><h3 style=\"text-align: right;\">\u00a0 \u00a0<a href=\"http:\/\/zku-krizevci.hr\/?page_id=580\"><span style=\"color: #c22b17;\">ARHIVA<strong style=\"color: #c22b17;\">\u00a0STARIJIH VERZIJA<\/strong><\/span><\/a><\/h3>\n<\/div><div class=\"fusion-clearfix\"><\/div><\/div><\/div><\/div><\/div>\n","protected":false},"excerpt":{"rendered":"","protected":false},"author":1,"featured_media":0,"parent":0,"menu_order":0,"comment_status":"closed","ping_status":"closed","template":"","meta":{"footnotes":""},"class_list":["post-746","page","type-page","status-publish","hentry"],"_links":{"self":[{"href":"https:\/\/zku-krizevci.hr\/index.php?rest_route=\/wp\/v2\/pages\/746","targetHints":{"allow":["GET"]}}],"collection":[{"href":"https:\/\/zku-krizevci.hr\/index.php?rest_route=\/wp\/v2\/pages"}],"about":[{"href":"https:\/\/zku-krizevci.hr\/index.php?rest_route=\/wp\/v2\/types\/page"}],"author":[{"embeddable":true,"href":"https:\/\/zku-krizevci.hr\/index.php?rest_route=\/wp\/v2\/users\/1"}],"replies":[{"embeddable":true,"href":"https:\/\/zku-krizevci.hr\/index.php?rest_route=%2Fwp%2Fv2%2Fcomments&post=746"}],"version-history":[{"count":2,"href":"https:\/\/zku-krizevci.hr\/index.php?rest_route=\/wp\/v2\/pages\/746\/revisions"}],"predecessor-version":[{"id":752,"href":"https:\/\/zku-krizevci.hr\/index.php?rest_route=\/wp\/v2\/pages\/746\/revisions\/752"}],"wp:attachment":[{"href":"https:\/\/zku-krizevci.hr\/index.php?rest_route=%2Fwp%2Fv2%2Fmedia&parent=746"}],"curies":[{"name":"wp","href":"https:\/\/api.w.org\/{rel}","templated":true}]}}