{"id":711,"date":"2023-01-11T13:11:05","date_gmt":"2023-01-11T12:11:05","guid":{"rendered":"https:\/\/zku-krizevci.hr\/?page_id=711"},"modified":"2023-10-23T06:47:35","modified_gmt":"2023-10-23T05:47:35","slug":"stednja-arhiva-10-01-2023","status":"publish","type":"page","link":"https:\/\/zku-krizevci.hr\/?page_id=711","title":{"rendered":"\u0160TEDNJA &#8211; arhiva 10.01.2023."},"content":{"rendered":"<div class=\"fusion-fullwidth fullwidth-box fusion-builder-row-1 hundred-percent-fullwidth non-hundred-percent-height-scrolling\" style=\"--awb-border-radius-top-left:0px;--awb-border-radius-top-right:0px;--awb-border-radius-bottom-right:0px;--awb-border-radius-bottom-left:0px;--awb-overflow:visible;--awb-flex-wrap:wrap;\" ><div class=\"fusion-builder-row fusion-row\"><div class=\"fusion-layout-column fusion_builder_column fusion-builder-column-0 fusion_builder_column_1_1 1_1 fusion-one-full fusion-column-first fusion-column-last\" style=\"--awb-bg-size:cover;\"><div class=\"fusion-column-wrapper fusion-flex-column-wrapper-legacy\"><div class=\"fusion-image-element in-legacy-container\" style=\"--awb-caption-title-font-family:var(--h2_typography-font-family);--awb-caption-title-font-weight:var(--h2_typography-font-weight);--awb-caption-title-font-style:var(--h2_typography-font-style);--awb-caption-title-size:var(--h2_typography-font-size);--awb-caption-title-transform:var(--h2_typography-text-transform);--awb-caption-title-line-height:var(--h2_typography-line-height);--awb-caption-title-letter-spacing:var(--h2_typography-letter-spacing);\"><span class=\" fusion-imageframe imageframe-none imageframe-1 hover-type-none\"><img decoding=\"async\" src=\"http:\/\/zku-krizevci.hr\/wp-content\/uploads\/2017\/03\/ZAJMOVI.jpg\" alt class=\"img-responsive\"\/><\/span><\/div><div class=\"fusion-clearfix\"><\/div><\/div><\/div><div class=\"fusion-layout-column fusion_builder_column fusion-builder-column-1 fusion_builder_column_1_1 1_1 fusion-one-full fusion-column-first fusion-column-last fusion-column-no-min-height\" style=\"--awb-bg-size:cover;--awb-margin-bottom:0px;\"><div class=\"fusion-column-wrapper fusion-flex-column-wrapper-legacy\"><div class=\"fusion-text fusion-text-1\"><p><span style=\"color: #a11212;\"><strong><u>\u0160TEDNJA<\/u><\/strong><\/span><\/p>\n<p><span style=\"color: #a11212;\"><strong>DEPONENTI:<\/strong><\/span> <span style=\"color: #333333;\">SVAKA PUNOLJETNA OSOBA, \u010cLAN ZANATSKE KREDITNE UNIJE KRI\u017dEVCI<\/span><\/p>\n<p><strong><span style=\"color: #333333;\">VALUTA :<\/span><\/strong>\u00a0<span style=\"color: #a11212;\"><strong>HRK<\/strong><\/span><\/p>\n<p><span style=\"color: #a11212;\"><strong><u>\u0160TEDNJA PO VI\u0110ENJU ( A-VISTA)<\/u><\/strong><\/span><\/p>\n<p><span style=\"color: #333333;\">Svrha ove \u0161tednje je mogu\u0107nost uplata i podizanja svoje \u0161tednje sa \u0161tedne knji\u017eice do iznosa od 20.000,00 kuna (2.654,46 EUR po te\u010daju konverzije = 7,53450), bez odre\u0111ene namjene i odre\u0111enog roka.<\/span><\/p>\n<p><span style=\"color: #a11212;\"><strong>KAMATA<\/strong>: <strong>2 % GODI\u0160NJA \u2013 FIKSNA<\/strong>,<\/span> <span style=\"color: #333333;\">SA KVARTALNIM OBRA\u010cUNOM I PRIPISOM KAMATA.<\/span><\/p>\n<p>&nbsp;<\/p>\n<p><span style=\"color: #a11212;\"><strong><u>ORO\u010cENA \u0160TEDNJA U KUNAMA<\/u><\/strong><\/span><\/p>\n<p><span style=\"color: #333333;\">Polog depozita vr\u0161i se jednokratno, a kamata se ispla\u0107uje mjese\u010dno, po dospije\u0107u.<\/span><\/p>\n<p><strong><span style=\"color: #a11212;\">KAMATA:<\/span> <u><span style=\"color: #333333;\">od\u00a0 2,5 % do\u00a03,5\u00a0%<\/span> <span style=\"color: #a11212;\">GODI\u0160NJA-FIKSNA<\/span>,<\/u> <span style=\"color: #333333;\">ovisno o ro\u010dnosti i visini oro\u010denog depozita.<\/span><\/strong><\/p>\n<p><span style=\"color: #a11212;\"><strong>KAMATE SU FIKSNE. NEPROMJENJIVE.<\/strong><\/span><\/p>\n<p>&nbsp;<\/p>\n<p><span style=\"color: #333333;\">\u0160TEDNI ULOZI U ZANATSKOJ KU<\/span> <strong><u><span style=\"color: #a11212;\">NISU OSIGURANI KOD NADLE\u017dNE DR\u017dAVNE AGENCIJE<\/span> <span style=\"color: #333333;\">za osiguranje \u0161tednih uloga.<\/span><\/u><\/strong><\/p>\n<p><span style=\"color: #333333;\">Sukladno zakonskoj odredbi od 01.01.2015.godine, prihodi od kamata po \u0161tednim depozitima podlije\u017eu <strong>pla\u0107anju poreza<\/strong> na dohodak od kapitala i <strong>prireza<\/strong> porezu na dohodak.<\/span><\/p>\n<\/div><div class=\"fusion-clearfix\"><\/div><\/div><\/div><div class=\"fusion-layout-column fusion_builder_column fusion-builder-column-2 fusion_builder_column_1_1 1_1 fusion-one-full fusion-column-first fusion-column-last\" style=\"--awb-bg-size:cover;\"><div class=\"fusion-column-wrapper fusion-flex-column-wrapper-legacy\"><div class=\"fusion-text fusion-text-2\"><h3 style=\"text-align: right;\">\u00a0 \u00a0<a href=\"http:\/\/zku-krizevci.hr\/?page_id=580\"><span style=\"color: #c22b17;\">ARHIVA<strong style=\"color: #c22b17;\">\u00a0STARIJIH VERZIJA<\/strong><\/span><\/a><\/h3>\n<\/div><div class=\"fusion-clearfix\"><\/div><\/div><\/div><\/div><\/div>\n","protected":false},"excerpt":{"rendered":"","protected":false},"author":1,"featured_media":0,"parent":0,"menu_order":0,"comment_status":"closed","ping_status":"closed","template":"","meta":{"footnotes":""},"class_list":["post-711","page","type-page","status-publish","hentry"],"_links":{"self":[{"href":"https:\/\/zku-krizevci.hr\/index.php?rest_route=\/wp\/v2\/pages\/711","targetHints":{"allow":["GET"]}}],"collection":[{"href":"https:\/\/zku-krizevci.hr\/index.php?rest_route=\/wp\/v2\/pages"}],"about":[{"href":"https:\/\/zku-krizevci.hr\/index.php?rest_route=\/wp\/v2\/types\/page"}],"author":[{"embeddable":true,"href":"https:\/\/zku-krizevci.hr\/index.php?rest_route=\/wp\/v2\/users\/1"}],"replies":[{"embeddable":true,"href":"https:\/\/zku-krizevci.hr\/index.php?rest_route=%2Fwp%2Fv2%2Fcomments&post=711"}],"version-history":[{"count":2,"href":"https:\/\/zku-krizevci.hr\/index.php?rest_route=\/wp\/v2\/pages\/711\/revisions"}],"predecessor-version":[{"id":754,"href":"https:\/\/zku-krizevci.hr\/index.php?rest_route=\/wp\/v2\/pages\/711\/revisions\/754"}],"wp:attachment":[{"href":"https:\/\/zku-krizevci.hr\/index.php?rest_route=%2Fwp%2Fv2%2Fmedia&parent=711"}],"curies":[{"name":"wp","href":"https:\/\/api.w.org\/{rel}","templated":true}]}}