{"id":694,"date":"2022-08-25T08:12:20","date_gmt":"2022-08-25T07:12:20","guid":{"rendered":"https:\/\/zku-krizevci.hr\/?page_id=694"},"modified":"2023-10-23T11:44:15","modified_gmt":"2023-10-23T10:44:15","slug":"euro-2023","status":"publish","type":"page","link":"https:\/\/zku-krizevci.hr\/?page_id=694","title":{"rendered":"EURO 2023."},"content":{"rendered":"<div class=\"fusion-fullwidth fullwidth-box fusion-builder-row-1 hundred-percent-fullwidth non-hundred-percent-height-scrolling\" style=\"--awb-border-radius-top-left:0px;--awb-border-radius-top-right:0px;--awb-border-radius-bottom-right:0px;--awb-border-radius-bottom-left:0px;--awb-overflow:visible;--awb-flex-wrap:wrap;\" ><div class=\"fusion-builder-row fusion-row\"><div class=\"fusion-layout-column fusion_builder_column fusion-builder-column-0 fusion_builder_column_1_1 1_1 fusion-one-full fusion-column-first fusion-column-last\" style=\"--awb-bg-size:cover;\"><div class=\"fusion-column-wrapper fusion-flex-column-wrapper-legacy\"><div class=\"fusion-clearfix\"><\/div><\/div><\/div><div class=\"fusion-layout-column fusion_builder_column fusion-builder-column-1 fusion_builder_column_1_1 1_1 fusion-one-full fusion-column-first fusion-column-last fusion-column-no-min-height\" style=\"--awb-bg-size:cover;--awb-margin-bottom:0px;\"><div class=\"fusion-column-wrapper fusion-flex-column-wrapper-legacy\"><div class=\"fusion-text fusion-text-1\"><p><span style=\"color: #800000;\"><strong>01.01.2023.g. Euro postaje slu\u017ebena nov\u010dana jedinica i zakonsko sredstvo pla\u0107anja u Republici Hrvatskoj. <\/strong><\/span><\/p>\n<p><span style=\"color: #000000;\">Vije\u0107e Europske unije je 12. srpnja 2022. donijelo Odluku Vije\u0107a (EU) 2022\/1211 od 12. srpnja 2022. o usvajanju eura u Hrvatskoj 1. sije\u010dnja 2023. kojom je utvrdilo da Republika Hrvatska ispunjava sve potrebne uvjete za uvo\u0111enje eura kao slu\u017ebene valute u Republici Hrvatskoj.<\/span><\/p>\n<p><span style=\"color: #800000;\"><strong>Fiksni te\u010daj konverzije odre\u0111en je na 7,53450 kuna za jedan euro.<\/strong><\/span><\/p>\n<p><span style=\"color: #000000;\">Vije\u0107e Europske unije donijelo je 12. srpnja 2022. Uredbu Vije\u0107a (EU) 2022\/1208 od 12. srpnja 2022. o izmjeni Uredbe (EZ) br. 2866\/98 u pogledu stope konverzije eura za Hrvatsku kojom je utvr\u0111eno da se stopa konverzije odre\u0111uje na 7,53450 kuna za jedan euro.<\/span><\/p>\n<p><span style=\"color: #800000;\"><strong>Temeljna na\u010dela<\/strong><\/span><\/p>\n<p><span style=\"color: #000000;\">U postupku uvo\u0111enja eura primjenjuju se na\u010delo za\u0161tite potro\u0161a\u010da, na\u010delo zabrane neopravdanog pove\u0107anja cijena, na\u010delo neprekidnosti pravnih instrumenata, na\u010delo u\u010dinkovitosti i ekonomi\u010dnosti te na\u010delo transparentnosti i informiranosti.<\/span><\/p>\n<p><span style=\"color: #800000;\"><strong>Pravila prera\u010dunavanja<\/strong><\/span><\/p>\n<p><span style=\"color: #000000;\">Prera\u010dunavanje se primjenjuje isklju\u010divo uz fiksni te\u010daj konverzije u skladu s pravilima za prera\u010dunavanje i zaokru\u017eivanje iz <em>Zakona o uvo\u0111enju eura kao slu\u017ebene valute u Republici Hrvatskoj.<\/em><\/span><\/p>\n<p><span style=\"color: #000000;\">Pri prera\u010dunavanju se primjenjuje sljede\u0107e matemati\u010dko pravilo zaokru\u017eivanja:<\/span><\/p>\n<ul>\n<li><span style=\"color: #000000;\">ako je tre\u0107a decimala manja od pet, druga decimala ostaje nepromijenjena<\/span><\/li>\n<li><span style=\"color: #000000;\">ako je tre\u0107a decimala jednaka ili ve\u0107a od pet, druga decimala pove\u0107ava se za jedan.<\/span><\/li>\n<\/ul>\n<p><span style=\"color: #800000;\"><strong>Dvojno iskazivanje<\/strong><\/span><\/p>\n<p><span style=\"color: #000000;\">Razdoblje obveznog dvojnog iskazivanja je razdoblje od 5. rujna 2022. u 00:00 sati do 31. prosinca 2023. u 24:00 sata.<\/span><\/p>\n<p><span style=\"color: #000000;\">Zanatska kreditna unija \u0107e u razdoblju dvojnog iskazivanja dvojno iskazivati bitne informacije za potro\u0161a\u010de koji su korisnici njihovih usluga:<\/span><\/p>\n<ul>\n<li><span style=\"color: #000000;\">tarife naknada<\/span><\/li>\n<li><span style=\"color: #000000;\">stanje ugovora o kreditu kod godi\u0161nje obavijesti: stanje nedospjelog dugovanja i dospjelo, a nepla\u0107eno dugovanje<\/span><\/li>\n<li><span style=\"color: #000000;\">stanje ugovora o depozitu kod godi\u0161nje obavijesti<\/span><\/li>\n<li><span style=\"color: #000000;\">ukupan iznos novih kredita i iznos obroka ili anuiteta u otplatnom planu i u Europskom standardiziranom informativnom obrascu (ESIS) odnosno drugom propisanom obrascu kojim se potro\u0161a\u010du daju informacije prije sklapanja novih ugovora o kreditu<\/span><\/li>\n<\/ul>\n<p><span style=\"color: #000000;\"><strong>\u00a0<\/strong><\/span><\/p>\n<p><span style=\"color: #800000;\"><strong>Dvojni optjecaj<\/strong><\/span><\/p>\n<p><span style=\"color: #000000;\">Razdoblje dvojnog optjecaja je razdoblje od 1. sije\u010dnja 2023. u 00:00 sati do 14. sije\u010dnja 2023. u 24:00 sata.<\/span><\/p>\n<p><span style=\"color: #000000;\">Tijekom razdoblja dvojnog optjecaja, dozvoljava se klijentima gotovinsko pla\u0107anje i u kunama i u eurima, dok je Zanatska kreditna unija du\u017ena ostatak vratiti u gotovom novcu eura.<\/span><\/p>\n<p><span style=\"color: #800000;\"><strong><em>Svi postoje\u0107i ugovori o depozitima i kreditima \u010dlanova Zanatske kreditne unije Kri\u017eevci, na dan uvo\u0111enja eura 01.01.2023.godine prera\u010dunavanju se u eure, bez naknade i uz primjenu fiksnog te\u010daja konverzije, sukladno pravilima za prera\u010dunavanje i zaokru\u017eivanje.<\/em><\/strong><\/span><\/p>\n<p><span style=\"color: #800000;\"><strong><em>Tako\u0111er, ugovorena fiksna kamatna stopa u ugovorima o depozitima i kreditima nakon dana uvo\u0111enja eura ostaje nepromijenjena.<\/em><\/strong><\/span><\/p>\n<p><span style=\"color: #800000;\"><strong><em>\u00a0<\/em><\/strong><\/span><\/p>\n<p><span style=\"color: #800000;\"><strong><em>Individualne obavijesti klijentima sa informacijama vezanim za bitne elemente prera\u010dunavanja po njihovim ugovorima, Zanatska kreditna unija Kri\u017eevci dostaviti \u0107e najkasnije dva tjedna prije dana uvo\u0111enja eura.<\/em><\/strong><\/span><\/p>\n<p><span style=\"color: #800000;\"><strong><em>\u00a0<\/em><\/strong><\/span><\/p>\n<p><span style=\"color: #000000;\"><strong>\u00a0<\/strong><\/span><\/p>\n<h3 style=\"text-align: right;\">\u00a0<span style=\"color: #800000;\"><strong><a style=\"color: #800000;\" href=\"http:\/\/zku-krizevci.hr\/?page_id=580\">ARHIVA\u00a0STARIJIH VERZIJA<\/a><\/strong><\/span><\/h3>\n<\/div><div class=\"fusion-clearfix\"><\/div><\/div><\/div><\/div><\/div>\n","protected":false},"excerpt":{"rendered":"","protected":false},"author":1,"featured_media":0,"parent":0,"menu_order":0,"comment_status":"closed","ping_status":"closed","template":"","meta":{"footnotes":""},"class_list":["post-694","page","type-page","status-publish","hentry"],"_links":{"self":[{"href":"https:\/\/zku-krizevci.hr\/index.php?rest_route=\/wp\/v2\/pages\/694","targetHints":{"allow":["GET"]}}],"collection":[{"href":"https:\/\/zku-krizevci.hr\/index.php?rest_route=\/wp\/v2\/pages"}],"about":[{"href":"https:\/\/zku-krizevci.hr\/index.php?rest_route=\/wp\/v2\/types\/page"}],"author":[{"embeddable":true,"href":"https:\/\/zku-krizevci.hr\/index.php?rest_route=\/wp\/v2\/users\/1"}],"replies":[{"embeddable":true,"href":"https:\/\/zku-krizevci.hr\/index.php?rest_route=%2Fwp%2Fv2%2Fcomments&post=694"}],"version-history":[{"count":8,"href":"https:\/\/zku-krizevci.hr\/index.php?rest_route=\/wp\/v2\/pages\/694\/revisions"}],"predecessor-version":[{"id":816,"href":"https:\/\/zku-krizevci.hr\/index.php?rest_route=\/wp\/v2\/pages\/694\/revisions\/816"}],"wp:attachment":[{"href":"https:\/\/zku-krizevci.hr\/index.php?rest_route=%2Fwp%2Fv2%2Fmedia&parent=694"}],"curies":[{"name":"wp","href":"https:\/\/api.w.org\/{rel}","templated":true}]}}