{"id":651,"date":"2021-01-21T11:24:50","date_gmt":"2021-01-21T10:24:50","guid":{"rendered":"http:\/\/zku-krizevci.hr\/?page_id=651"},"modified":"2023-10-23T06:47:35","modified_gmt":"2023-10-23T05:47:35","slug":"krediti-arhiva-02-01-2020","status":"publish","type":"page","link":"http:\/\/zku-krizevci.hr\/?page_id=651","title":{"rendered":"KREDITI ARHIVA 02.01.2020."},"content":{"rendered":"<div class=\"fusion-fullwidth fullwidth-box fusion-builder-row-1 hundred-percent-fullwidth non-hundred-percent-height-scrolling\" style=\"--awb-border-radius-top-left:0px;--awb-border-radius-top-right:0px;--awb-border-radius-bottom-right:0px;--awb-border-radius-bottom-left:0px;--awb-overflow:visible;--awb-flex-wrap:wrap;\" ><div class=\"fusion-builder-row fusion-row\"><div class=\"fusion-layout-column fusion_builder_column fusion-builder-column-0 fusion_builder_column_1_1 1_1 fusion-one-full fusion-column-first fusion-column-last\" style=\"--awb-bg-size:cover;\"><div class=\"fusion-column-wrapper fusion-flex-column-wrapper-legacy\"><div class=\"fusion-image-element in-legacy-container\" style=\"--awb-caption-title-font-family:var(--h2_typography-font-family);--awb-caption-title-font-weight:var(--h2_typography-font-weight);--awb-caption-title-font-style:var(--h2_typography-font-style);--awb-caption-title-size:var(--h2_typography-font-size);--awb-caption-title-transform:var(--h2_typography-text-transform);--awb-caption-title-line-height:var(--h2_typography-line-height);--awb-caption-title-letter-spacing:var(--h2_typography-letter-spacing);\"><span class=\" fusion-imageframe imageframe-none imageframe-1 hover-type-none\"><img decoding=\"async\" width=\"1500\" height=\"370\" title=\"krediti\" src=\"http:\/\/zku-krizevci.hr\/wp-content\/uploads\/2017\/03\/krediti.jpg\" alt class=\"img-responsive wp-image-309\" srcset=\"http:\/\/zku-krizevci.hr\/wp-content\/uploads\/2017\/03\/krediti-200x49.jpg 200w, http:\/\/zku-krizevci.hr\/wp-content\/uploads\/2017\/03\/krediti-400x99.jpg 400w, http:\/\/zku-krizevci.hr\/wp-content\/uploads\/2017\/03\/krediti-600x148.jpg 600w, http:\/\/zku-krizevci.hr\/wp-content\/uploads\/2017\/03\/krediti-800x197.jpg 800w, http:\/\/zku-krizevci.hr\/wp-content\/uploads\/2017\/03\/krediti-1200x296.jpg 1200w, http:\/\/zku-krizevci.hr\/wp-content\/uploads\/2017\/03\/krediti.jpg 1500w\" sizes=\"(max-width: 800px) 100vw, 1500px\" \/><\/span><\/div><div class=\"fusion-clearfix\"><\/div><\/div><\/div><div class=\"fusion-layout-column fusion_builder_column fusion-builder-column-1 fusion_builder_column_1_1 1_1 fusion-one-full fusion-column-first fusion-column-last fusion-column-no-min-height\" style=\"--awb-bg-size:cover;--awb-margin-bottom:0px;\"><div class=\"fusion-column-wrapper fusion-flex-column-wrapper-legacy\"><div class=\"fusion-text fusion-text-1\"><p style=\"text-align: justify;\"><span style=\"color: #a11212;\"><strong><u>KREDITI<\/u><\/strong><\/span><\/p>\n<p style=\"text-align: justify;\"><span style=\"color: #a11212;\"><strong>KORISNICI KREDITA:<\/strong><\/span><\/p>\n<p style=\"text-align: justify;\"><span style=\"color: #333333;\">Svaka punoljetna kreditno sposobna osoba \u2013 dr\u017eavljanin Republike Hrvatske,sa prebivali\u0161tem na podru\u010dju Koprivni\u010dko-kri\u017eeva\u010dke \u017eupanije, koja je \u010dlan Zanatske KU Kri\u017eevci.<\/span><\/p>\n<p style=\"text-align: justify;\"><span style=\"color: #333333;\"><strong>VALUTA KREDITA:<\/strong><\/span><span style=\"color: #a11212;\">\u00a0HRK<\/span><\/p>\n<p style=\"text-align: justify;\"><span style=\"color: #a11212;\"><strong>VISINA KREDITA<\/strong>:<\/span>\u00a0<span style=\"color: #333333;\">Od\u00a0 1.000,00 do 190.000,00 kuna.<\/span><\/p>\n<p style=\"text-align: justify;\"><span style=\"color: #a11212;\"><strong>KAMATNA STOPA<\/strong>:<\/span>\u00a0<span style=\"color: #333333;\">Godi\u0161nja fiksna kamatna stopa od\u00a05,68\u00a0%-6,45 %, ovisno o visini kredita te o\u00a0 vremenu dospije\u0107a.<\/span><\/p>\n<p style=\"text-align: justify;\"><span style=\"color: #a11212;\"><strong>EKS<\/strong>:<\/span>\u00a0<span style=\"color: #333333;\">do\u00a07,89 %<\/span><\/p>\n<p style=\"text-align: justify;\"><span style=\"color: #a11212;\"><strong>TRO\u0160AK OBRADE KREDITA<\/strong>:<\/span>\u00a0<span style=\"color: #333333;\">od 1% do 2,50 % od iznosa kredita.<\/span><\/p>\n<p style=\"text-align: justify;\"><span style=\"color: #333333;\">Naknadu za obradu kredita mogu\u0107e je naplatiti iz kredita.<\/span><\/p>\n<p style=\"text-align: justify;\"><span style=\"color: #a11212;\"><strong>GARANTNI POLOG ( DEPOZIT ):\u00a0<\/strong><\/span><span style=\"color: #333333;\">10%.<\/span><\/p>\n<p style=\"text-align: justify;\"><span style=\"color: #333333;\">Depozit se koristi isklju\u010divo kod zatvaranja-kona\u010dne otplate kredita.<\/span><\/p>\n<p style=\"text-align: justify;\"><span style=\"color: #a11212;\"><strong>ROK OTPLATE<\/strong>:<\/span>\u00a0<span style=\"color: #333333;\">do\u00a06 godina.<\/span><\/p>\n<p style=\"text-align: justify;\"><span style=\"color: #a11212;\"><strong>ISPLATA KREDITA<\/strong>:<\/span>\u00a0<span style=\"color: #333333;\">U gotovini, odnosno na teku\u0107i ra\u010dun korisnika kredita.<\/span><\/p>\n<p style=\"text-align: justify;\"><strong><span style=\"color: #a11212;\">NA\u010cIN OTPLATE:\u00a0<\/span><\/strong><span style=\"color: #333333;\">U jednakim mjese\u010dnim\u00a0 anuitetima, na ra\u010dun ZKU ili izravno na blagajni ZKU.<\/span><\/p>\n<p style=\"text-align: justify;\"><span style=\"color: #a11212;\"><strong>PRIJEVREMENA KONA\u010cNA OTPLATA KREDITA:\u00a0<\/strong><\/span><span style=\"color: #333333;\">Prijevremena otplata kredita mo\u017ee se obaviti u bilo kojem trenutku otplate kredita, uz naknadu sukladno Zakonu o potro\u0161a\u010dkom kreditiranju.<\/span><\/p>\n<p style=\"text-align: justify;\"><span style=\"color: #a11212;\"><strong>OSIGURANJE KREDITA:<\/strong><\/span>\u00a0<span style=\"color: #333333;\">&#8211; Bjanko mjenica<\/span><br \/>\n<span style=\"color: #333333;\">\u00a0 \u00a0 \u00a0 \u00a0 \u00a0 \u00a0 \u00a0 \u00a0 \u00a0 \u00a0 \u00a0 \u00a0 \u00a0 \u00a0 \u00a0 \u00a0 \u00a0 \u00a0 \u00a0 \u00a0 \u00a0 \u00a0&#8211; JAMCI\u00a0 ( broj jamaca ovisi o visini kredita )<\/span><\/p>\n<p style=\"text-align: justify;\"><span style=\"color: #333333;\">( Kreditna unija zadr\u017eava pravo zatra\u017eiti, radi potrebe\u00a0 i druge instrumente osiguranja povrata kredita.)<\/span><\/p>\n<p style=\"text-align: justify;\"><span style=\"color: #a11212;\"><strong>POTREBNA DOKUMENTACIJA:<\/strong><\/span><\/p>\n<ul style=\"text-align: justify;\">\n<li><span style=\"color: #333333;\">preslika Ugovora o radu za zaposlene du\u017enike i njihove jamce<\/span><\/li>\n<li><span style=\"color: #333333;\">3 zadnje platne liste\u00a0 za zaposlene\u00a0 du\u017enike i njihove jamce<\/span><\/li>\n<li><span style=\"color: #333333;\">Bjanko mjenica<\/span><\/li>\n<li><span style=\"color: #333333;\">Potvrda o visini mirovine za du\u017enika, odnosno jamce umirovljenike<\/span><\/li>\n<\/ul>\n<p style=\"text-align: justify;\"><span style=\"color: #333333;\">Zanatska kreditna unija Kri\u017eevci zadr\u017eava pravo zatra\u017eiti po potrebi i drugu dokumentaciju.<\/span><\/p>\n<\/div><div class=\"fusion-clearfix\"><\/div><\/div><\/div><div class=\"fusion-layout-column fusion_builder_column fusion-builder-column-2 fusion_builder_column_1_1 1_1 fusion-one-full fusion-column-first fusion-column-last\" style=\"--awb-bg-size:cover;\"><div class=\"fusion-column-wrapper fusion-flex-column-wrapper-legacy\"><div class=\"fusion-clearfix\"><\/div><\/div><\/div><div class=\"fusion-layout-column fusion_builder_column fusion-builder-column-3 fusion_builder_column_1_1 1_1 fusion-one-full fusion-column-first fusion-column-last\" style=\"--awb-bg-position:right bottom;--awb-bg-size:cover;--awb-margin-bottom:-5%;\"><div class=\"fusion-column-wrapper fusion-flex-column-wrapper-legacy\"><div class=\"fusion-text fusion-text-2\"><h3 style=\"text-align: right;\">\u00a0 \u00a0<a href=\"http:\/\/zku-krizevci.hr\/?page_id=580\"><span style=\"color: #c22b17;\">ARHIVA<strong style=\"color: #c22b17;\">\u00a0STARIJIH VERZIJA<\/strong><\/span><\/a><\/h3>\n<\/div><div class=\"fusion-clearfix\"><\/div><\/div><\/div><\/div><\/div>\n","protected":false},"excerpt":{"rendered":"","protected":false},"author":1,"featured_media":0,"parent":0,"menu_order":0,"comment_status":"closed","ping_status":"closed","template":"","meta":{"footnotes":""},"class_list":["post-651","page","type-page","status-publish","hentry"],"_links":{"self":[{"href":"http:\/\/zku-krizevci.hr\/index.php?rest_route=\/wp\/v2\/pages\/651","targetHints":{"allow":["GET"]}}],"collection":[{"href":"http:\/\/zku-krizevci.hr\/index.php?rest_route=\/wp\/v2\/pages"}],"about":[{"href":"http:\/\/zku-krizevci.hr\/index.php?rest_route=\/wp\/v2\/types\/page"}],"author":[{"embeddable":true,"href":"http:\/\/zku-krizevci.hr\/index.php?rest_route=\/wp\/v2\/users\/1"}],"replies":[{"embeddable":true,"href":"http:\/\/zku-krizevci.hr\/index.php?rest_route=%2Fwp%2Fv2%2Fcomments&post=651"}],"version-history":[{"count":3,"href":"http:\/\/zku-krizevci.hr\/index.php?rest_route=\/wp\/v2\/pages\/651\/revisions"}],"predecessor-version":[{"id":762,"href":"http:\/\/zku-krizevci.hr\/index.php?rest_route=\/wp\/v2\/pages\/651\/revisions\/762"}],"wp:attachment":[{"href":"http:\/\/zku-krizevci.hr\/index.php?rest_route=%2Fwp%2Fv2%2Fmedia&parent=651"}],"curies":[{"name":"wp","href":"https:\/\/api.w.org\/{rel}","templated":true}]}}