{"id":634,"date":"2020-07-01T10:02:20","date_gmt":"2020-07-01T09:02:20","guid":{"rendered":"http:\/\/zku-krizevci.hr\/?page_id=634"},"modified":"2023-10-23T06:47:35","modified_gmt":"2023-10-23T05:47:35","slug":"arhiva-stednja-01-07-2020","status":"publish","type":"page","link":"http:\/\/zku-krizevci.hr\/?page_id=634","title":{"rendered":"Arhiva &#8211; \u0160tednja &#8211; 01.07.2020."},"content":{"rendered":"<div class=\"fusion-fullwidth fullwidth-box fusion-builder-row-1 hundred-percent-fullwidth non-hundred-percent-height-scrolling\" style=\"--awb-border-radius-top-left:0px;--awb-border-radius-top-right:0px;--awb-border-radius-bottom-right:0px;--awb-border-radius-bottom-left:0px;--awb-overflow:visible;--awb-flex-wrap:wrap;\" ><div class=\"fusion-builder-row fusion-row\"><div class=\"fusion-layout-column fusion_builder_column fusion-builder-column-0 fusion_builder_column_1_1 1_1 fusion-one-full fusion-column-first fusion-column-last\" style=\"--awb-bg-size:cover;\"><div class=\"fusion-column-wrapper fusion-flex-column-wrapper-legacy\"><div class=\"fusion-image-element in-legacy-container\" style=\"--awb-caption-title-font-family:var(--h2_typography-font-family);--awb-caption-title-font-weight:var(--h2_typography-font-weight);--awb-caption-title-font-style:var(--h2_typography-font-style);--awb-caption-title-size:var(--h2_typography-font-size);--awb-caption-title-transform:var(--h2_typography-text-transform);--awb-caption-title-line-height:var(--h2_typography-line-height);--awb-caption-title-letter-spacing:var(--h2_typography-letter-spacing);\"><span class=\" fusion-imageframe imageframe-none imageframe-1 hover-type-none\"><img decoding=\"async\" width=\"1500\" height=\"370\" title=\"ZAJMOVI\" src=\"http:\/\/zku-krizevci.hr\/wp-content\/uploads\/2017\/03\/ZAJMOVI.jpg\" alt class=\"img-responsive wp-image-223\" srcset=\"http:\/\/zku-krizevci.hr\/wp-content\/uploads\/2017\/03\/ZAJMOVI-200x49.jpg 200w, http:\/\/zku-krizevci.hr\/wp-content\/uploads\/2017\/03\/ZAJMOVI-400x99.jpg 400w, http:\/\/zku-krizevci.hr\/wp-content\/uploads\/2017\/03\/ZAJMOVI-600x148.jpg 600w, http:\/\/zku-krizevci.hr\/wp-content\/uploads\/2017\/03\/ZAJMOVI-800x197.jpg 800w, http:\/\/zku-krizevci.hr\/wp-content\/uploads\/2017\/03\/ZAJMOVI-1200x296.jpg 1200w, http:\/\/zku-krizevci.hr\/wp-content\/uploads\/2017\/03\/ZAJMOVI.jpg 1500w\" sizes=\"(max-width: 800px) 100vw, 1500px\" \/><\/span><\/div><div class=\"fusion-clearfix\"><\/div><\/div><\/div><div class=\"fusion-layout-column fusion_builder_column fusion-builder-column-1 fusion_builder_column_1_1 1_1 fusion-one-full fusion-column-first fusion-column-last fusion-column-no-min-height\" style=\"--awb-bg-size:cover;--awb-margin-bottom:0px;\"><div class=\"fusion-column-wrapper fusion-flex-column-wrapper-legacy\"><div class=\"fusion-text fusion-text-1\"><p><span style=\"color: #a11212;\"><strong><u>\u0160TEDNJA<\/u><\/strong><\/span><\/p>\n<p><span style=\"color: #a11212;\"><strong>DEPONENTI:<\/strong><\/span> <span style=\"color: #333333;\">SVAKA PUNOLJETNA OSOBA, \u010cLAN ZANATSKE KREDITNE UNIJE KRI\u017dEVCI<\/span><\/p>\n<p><strong><span style=\"color: #333333;\">VALUTA :<\/span><\/strong>\u00a0<span style=\"color: #a11212;\"><strong>HRK<\/strong><\/span><\/p>\n<p><span style=\"color: #a11212;\"><strong><u>\u0160TEDNJA PO VI\u0110ENJU ( A-VISTA)<\/u><\/strong><\/span><\/p>\n<p><span style=\"color: #333333;\">Svrha ove \u0161tednje je mogu\u0107nost uplata i podizanja svoje \u0161tednje sa \u0161tedne knji\u017eice do iznosa od 20.000,00 kuna, bez odre\u0111ene namjene i odre\u0111enog roka.<\/span><\/p>\n<p><span style=\"color: #a11212;\"><strong>KAMATA<\/strong>: <strong>2 % GODI\u0160NJA \u2013 FIKSNA<\/strong>,<\/span> <span style=\"color: #333333;\">SA KVARTALNIM OBRA\u010cUNOM I PRIPISOM KAMATA.<\/span><\/p>\n<p>&nbsp;<\/p>\n<p><span style=\"color: #a11212;\"><strong><u>ORO\u010cENA \u0160TEDNJA U KUNAMA<\/u><\/strong><\/span><\/p>\n<p><span style=\"color: #333333;\">Polog depozita vr\u0161i se jednokratno, a kamata se ispla\u0107uje mjese\u010dno, po dospije\u0107u.<\/span><\/p>\n<p><strong><span style=\"color: #a11212;\">KAMATA:<\/span> <u><span style=\"color: #333333;\">od\u00a0 3,00 % do\u00a03,8 %<\/span> <span style=\"color: #a11212;\">GODI\u0160NJA-FIKSNA<\/span>,<\/u> <span style=\"color: #333333;\">ovisno o ro\u010dnosti i visini oro\u010denog depozita.<\/span><\/strong><\/p>\n<p><span style=\"color: #a11212;\"><strong>KAMATE SU FIKSNE-NEPROMJENJIVE.<\/strong><\/span><\/p>\n<p>&nbsp;<\/p>\n<p><span style=\"color: #333333;\">\u0160TEDNI ULOZI U ZANATSKOJ KU<\/span> <strong><u><span style=\"color: #a11212;\">NISU OSIGURANI KOD NADLE\u017dNE DR\u017dAVNE AGENCIJE<\/span> <span style=\"color: #333333;\">za osiguranje \u0161tednih uloga.<\/span><\/u><\/strong><\/p>\n<p><span style=\"color: #333333;\">Sukladno zakonskoj odredbi od 01.01.2015.godine, prihodi od kamata po \u0161tednim depozitima podlije\u017eu <strong>pla\u0107anju poreza<\/strong> na dohodak od kapitala i <strong>prireza<\/strong> porezu na dohodak.<\/span><\/p>\n<\/div><div class=\"fusion-clearfix\"><\/div><\/div><\/div><div class=\"fusion-layout-column fusion_builder_column fusion-builder-column-2 fusion_builder_column_1_1 1_1 fusion-one-full fusion-column-first fusion-column-last\" style=\"--awb-bg-size:cover;\"><div class=\"fusion-column-wrapper fusion-flex-column-wrapper-legacy\"><div class=\"fusion-text fusion-text-2\"><h3 style=\"text-align: right;\">\u00a0 \u00a0<a href=\"http:\/\/zku-krizevci.hr\/?page_id=580\"><span style=\"color: #c22b17;\">ARHIVA<strong style=\"color: #c22b17;\">\u00a0STARIJIH VERZIJA<\/strong><\/span><\/a><\/h3>\n<\/div><div class=\"fusion-clearfix\"><\/div><\/div><\/div><\/div><\/div>\n","protected":false},"excerpt":{"rendered":"","protected":false},"author":1,"featured_media":0,"parent":0,"menu_order":0,"comment_status":"closed","ping_status":"closed","template":"","meta":{"footnotes":""},"class_list":["post-634","page","type-page","status-publish","hentry"],"_links":{"self":[{"href":"http:\/\/zku-krizevci.hr\/index.php?rest_route=\/wp\/v2\/pages\/634","targetHints":{"allow":["GET"]}}],"collection":[{"href":"http:\/\/zku-krizevci.hr\/index.php?rest_route=\/wp\/v2\/pages"}],"about":[{"href":"http:\/\/zku-krizevci.hr\/index.php?rest_route=\/wp\/v2\/types\/page"}],"author":[{"embeddable":true,"href":"http:\/\/zku-krizevci.hr\/index.php?rest_route=\/wp\/v2\/users\/1"}],"replies":[{"embeddable":true,"href":"http:\/\/zku-krizevci.hr\/index.php?rest_route=%2Fwp%2Fv2%2Fcomments&post=634"}],"version-history":[{"count":2,"href":"http:\/\/zku-krizevci.hr\/index.php?rest_route=\/wp\/v2\/pages\/634\/revisions"}],"predecessor-version":[{"id":763,"href":"http:\/\/zku-krizevci.hr\/index.php?rest_route=\/wp\/v2\/pages\/634\/revisions\/763"}],"wp:attachment":[{"href":"http:\/\/zku-krizevci.hr\/index.php?rest_route=%2Fwp%2Fv2%2Fmedia&parent=634"}],"curies":[{"name":"wp","href":"https:\/\/api.w.org\/{rel}","templated":true}]}}